{"id":16,"date":"2022-01-25T16:14:43","date_gmt":"2022-01-25T15:14:43","guid":{"rendered":"https:\/\/www.gj-nuertingen.de\/?page_id=16"},"modified":"2022-01-25T16:20:42","modified_gmt":"2022-01-25T15:20:42","slug":"ueber-uns","status":"publish","type":"page","link":"https:\/\/www.gj-nuertingen.de\/?page_id=16","title":{"rendered":"\u00dcber uns"},"content":{"rendered":"\n<p>Die Gr\u00fcne Jugend N\u00fcrtingen hat sich im Januar 2021 offiziell gegr\u00fcndet. Wir sind ein Zusammenschluss aus jungen Menschen, die N\u00fcrtingen ver\u00e4ndern wollen. Wir setzen uns f\u00fcr eine Zukunft ohne Klimazerst\u00f6rung, Ausbeutung und Ungerechtigkeit ein. <\/p>\n\n\n\n<h2 class=\"wp-block-heading\">Unser Vorstand<\/h2>\n\n\n\n<figure class=\"wp-block-gallery columns-3 is-cropped wp-block-gallery-1 is-layout-flex\"><ul class=\"blocks-gallery-grid\"><li class=\"blocks-gallery-item\"><figure><img decoding=\"async\" loading=\"lazy\" width=\"1024\" height=\"1024\" src=\"https:\/\/www.gj-nuertingen.de\/wp-content\/uploads\/2022\/01\/WhatsApp-Image-2022-01-25-at-15.50.15-1-2-1024x1024.jpeg\" alt=\"\" data-id=\"26\" data-full-url=\"https:\/\/www.gj-nuertingen.de\/wp-content\/uploads\/2022\/01\/WhatsApp-Image-2022-01-25-at-15.50.15-1-2.jpeg\" data-link=\"https:\/\/www.gj-nuertingen.de\/?attachment_id=26\" class=\"wp-image-26\" srcset=\"https:\/\/www.gj-nuertingen.de\/wp-content\/uploads\/2022\/01\/WhatsApp-Image-2022-01-25-at-15.50.15-1-2-1024x1024.jpeg 1024w, https:\/\/www.gj-nuertingen.de\/wp-content\/uploads\/2022\/01\/WhatsApp-Image-2022-01-25-at-15.50.15-1-2-300x300.jpeg 300w, https:\/\/www.gj-nuertingen.de\/wp-content\/uploads\/2022\/01\/WhatsApp-Image-2022-01-25-at-15.50.15-1-2-150x150.jpeg 150w, https:\/\/www.gj-nuertingen.de\/wp-content\/uploads\/2022\/01\/WhatsApp-Image-2022-01-25-at-15.50.15-1-2-768x768.jpeg 768w, https:\/\/www.gj-nuertingen.de\/wp-content\/uploads\/2022\/01\/WhatsApp-Image-2022-01-25-at-15.50.15-1-2-350x350.jpeg 350w, https:\/\/www.gj-nuertingen.de\/wp-content\/uploads\/2022\/01\/WhatsApp-Image-2022-01-25-at-15.50.15-1-2-600x600.jpeg 600w, https:\/\/www.gj-nuertingen.de\/wp-content\/uploads\/2022\/01\/WhatsApp-Image-2022-01-25-at-15.50.15-1-2.jpeg 1080w\" sizes=\"(max-width: 1024px) 100vw, 1024px\" \/><\/figure><\/li><li class=\"blocks-gallery-item\"><figure><img decoding=\"async\" loading=\"lazy\" width=\"1024\" height=\"1016\" src=\"https:\/\/www.gj-nuertingen.de\/wp-content\/uploads\/2022\/01\/WhatsApp-Image-2022-01-25-at-15.50.15-4-1024x1016.jpeg\" alt=\"\" data-id=\"25\" data-link=\"https:\/\/www.gj-nuertingen.de\/?attachment_id=25\" class=\"wp-image-25\" srcset=\"https:\/\/www.gj-nuertingen.de\/wp-content\/uploads\/2022\/01\/WhatsApp-Image-2022-01-25-at-15.50.15-4-1024x1016.jpeg 1024w, https:\/\/www.gj-nuertingen.de\/wp-content\/uploads\/2022\/01\/WhatsApp-Image-2022-01-25-at-15.50.15-4-300x298.jpeg 300w, https:\/\/www.gj-nuertingen.de\/wp-content\/uploads\/2022\/01\/WhatsApp-Image-2022-01-25-at-15.50.15-4-150x150.jpeg 150w, https:\/\/www.gj-nuertingen.de\/wp-content\/uploads\/2022\/01\/WhatsApp-Image-2022-01-25-at-15.50.15-4-768x762.jpeg 768w, https:\/\/www.gj-nuertingen.de\/wp-content\/uploads\/2022\/01\/WhatsApp-Image-2022-01-25-at-15.50.15-4-353x350.jpeg 353w, https:\/\/www.gj-nuertingen.de\/wp-content\/uploads\/2022\/01\/WhatsApp-Image-2022-01-25-at-15.50.15-4-600x596.jpeg 600w, https:\/\/www.gj-nuertingen.de\/wp-content\/uploads\/2022\/01\/WhatsApp-Image-2022-01-25-at-15.50.15-4.jpeg 1080w\" sizes=\"(max-width: 1024px) 100vw, 1024px\" \/><\/figure><\/li><li class=\"blocks-gallery-item\"><figure><img decoding=\"async\" loading=\"lazy\" width=\"1024\" height=\"1014\" src=\"https:\/\/www.gj-nuertingen.de\/wp-content\/uploads\/2022\/01\/WhatsApp-Image-2022-01-25-at-15.50.15-2-1-1024x1014.jpeg\" alt=\"\" data-id=\"24\" data-link=\"https:\/\/www.gj-nuertingen.de\/?attachment_id=24\" class=\"wp-image-24\" srcset=\"https:\/\/www.gj-nuertingen.de\/wp-content\/uploads\/2022\/01\/WhatsApp-Image-2022-01-25-at-15.50.15-2-1-1024x1014.jpeg 1024w, https:\/\/www.gj-nuertingen.de\/wp-content\/uploads\/2022\/01\/WhatsApp-Image-2022-01-25-at-15.50.15-2-1-300x297.jpeg 300w, https:\/\/www.gj-nuertingen.de\/wp-content\/uploads\/2022\/01\/WhatsApp-Image-2022-01-25-at-15.50.15-2-1-150x150.jpeg 150w, https:\/\/www.gj-nuertingen.de\/wp-content\/uploads\/2022\/01\/WhatsApp-Image-2022-01-25-at-15.50.15-2-1-768x760.jpeg 768w, https:\/\/www.gj-nuertingen.de\/wp-content\/uploads\/2022\/01\/WhatsApp-Image-2022-01-25-at-15.50.15-2-1-354x350.jpeg 354w, https:\/\/www.gj-nuertingen.de\/wp-content\/uploads\/2022\/01\/WhatsApp-Image-2022-01-25-at-15.50.15-2-1-600x594.jpeg 600w, https:\/\/www.gj-nuertingen.de\/wp-content\/uploads\/2022\/01\/WhatsApp-Image-2022-01-25-at-15.50.15-2-1.jpeg 1080w\" sizes=\"(max-width: 1024px) 100vw, 1024px\" \/><\/figure><\/li><\/ul><\/figure>\n\n\n\n<p>Unser Vorstand:<\/p>\n\n\n\n<p>Bild 1: Unser Sprecher Hannes Votteler und unsere Sprecherin Clara Schweizer<\/p>\n\n\n\n<p>Bild 2: Unser Social-Media-Beauftragter Kilian Frische und unsere Schatzmeisterin Ida Conrad<\/p>\n\n\n\n<p>Bild 3: Unsere Beisitzerin Gabriela Janisch und unser Beisitzer Elias Kurtz<\/p>\n","protected":false},"excerpt":{"rendered":"<p>Die Gr\u00fcne Jugend N\u00fcrtingen hat sich im Januar 2021 offiziell gegr\u00fcndet. Wir sind ein Zusammenschluss aus jungen Menschen, die N\u00fcrtingen ver\u00e4ndern wollen. Wir setzen uns f\u00fcr eine Zukunft ohne Klimazerst\u00f6rung, Ausbeutung und Ungerechtigkeit ein. Unser Vorstand Unser Vorstand: Bild 1: Unser Sprecher Hannes Votteler und unsere Sprecherin Clara Schweizer Bild 2: Unser Social-Media-Beauftragter Kilian Frische [&hellip;]<\/p>\n","protected":false},"author":2,"featured_media":0,"parent":0,"menu_order":0,"comment_status":"closed","ping_status":"closed","template":"","meta":[],"_links":{"self":[{"href":"https:\/\/www.gj-nuertingen.de\/index.php?rest_route=\/wp\/v2\/pages\/16"}],"collection":[{"href":"https:\/\/www.gj-nuertingen.de\/index.php?rest_route=\/wp\/v2\/pages"}],"about":[{"href":"https:\/\/www.gj-nuertingen.de\/index.php?rest_route=\/wp\/v2\/types\/page"}],"author":[{"embeddable":true,"href":"https:\/\/www.gj-nuertingen.de\/index.php?rest_route=\/wp\/v2\/users\/2"}],"replies":[{"embeddable":true,"href":"https:\/\/www.gj-nuertingen.de\/index.php?rest_route=%2Fwp%2Fv2%2Fcomments&post=16"}],"version-history":[{"count":3,"href":"https:\/\/www.gj-nuertingen.de\/index.php?rest_route=\/wp\/v2\/pages\/16\/revisions"}],"predecessor-version":[{"id":28,"href":"https:\/\/www.gj-nuertingen.de\/index.php?rest_route=\/wp\/v2\/pages\/16\/revisions\/28"}],"wp:attachment":[{"href":"https:\/\/www.gj-nuertingen.de\/index.php?rest_route=%2Fwp%2Fv2%2Fmedia&parent=16"}],"curies":[{"name":"wp","href":"https:\/\/api.w.org\/{rel}","templated":true}]}}