{"id":2,"date":"2022-01-18T21:07:31","date_gmt":"2022-01-18T20:07:31","guid":{"rendered":"https:\/\/www.gj-nuertingen.de\/?page_id=2"},"modified":"2022-01-25T15:38:04","modified_gmt":"2022-01-25T14:38:04","slug":"beispiel-seite","status":"publish","type":"page","link":"https:\/\/www.gj-nuertingen.de\/","title":{"rendered":"Gr\u00fcne Jugend N\u00fcrtingen"},"content":{"rendered":"\n<p>Hallo! Willkommen bei der Gr\u00fcnen Jugend N\u00fcrtingen. Wir haben uns im Januar 2021 offiziell gegr\u00fcndet und versuchen als Zusammenschluss von jungen Menschen in N\u00fcrtingen etwas zu bewegen. Wir wollen als Gr\u00fcne Jugend N\u00fcrtingen einen Beitrag dazu leisten eine Zukunft zu erschaffen ohne Klimazerst\u00f6rung, Ausbeutung und Ungerechtigkeit. Und Ver\u00e4nderung f\u00e4ngt ja bekanntlich im Kleinen an. Feministisch, antifaschistisch, \u00f6kologisch, sozial!<\/p>\n","protected":false},"excerpt":{"rendered":"<p>Hallo! Willkommen bei der Gr\u00fcnen Jugend N\u00fcrtingen. Wir haben uns im Januar 2021 offiziell gegr\u00fcndet und versuchen als Zusammenschluss von jungen Menschen in N\u00fcrtingen etwas zu bewegen. Wir wollen als Gr\u00fcne Jugend N\u00fcrtingen einen Beitrag dazu leisten eine Zukunft zu erschaffen ohne Klimazerst\u00f6rung, Ausbeutung und Ungerechtigkeit. Und Ver\u00e4nderung f\u00e4ngt ja bekanntlich im Kleinen an. Feministisch, [&hellip;]<\/p>\n","protected":false},"author":2,"featured_media":0,"parent":0,"menu_order":0,"comment_status":"closed","ping_status":"open","template":"","meta":[],"_links":{"self":[{"href":"https:\/\/www.gj-nuertingen.de\/index.php?rest_route=\/wp\/v2\/pages\/2"}],"collection":[{"href":"https:\/\/www.gj-nuertingen.de\/index.php?rest_route=\/wp\/v2\/pages"}],"about":[{"href":"https:\/\/www.gj-nuertingen.de\/index.php?rest_route=\/wp\/v2\/types\/page"}],"author":[{"embeddable":true,"href":"https:\/\/www.gj-nuertingen.de\/index.php?rest_route=\/wp\/v2\/users\/2"}],"replies":[{"embeddable":true,"href":"https:\/\/www.gj-nuertingen.de\/index.php?rest_route=%2Fwp%2Fv2%2Fcomments&post=2"}],"version-history":[{"count":5,"href":"https:\/\/www.gj-nuertingen.de\/index.php?rest_route=\/wp\/v2\/pages\/2\/revisions"}],"predecessor-version":[{"id":12,"href":"https:\/\/www.gj-nuertingen.de\/index.php?rest_route=\/wp\/v2\/pages\/2\/revisions\/12"}],"wp:attachment":[{"href":"https:\/\/www.gj-nuertingen.de\/index.php?rest_route=%2Fwp%2Fv2%2Fmedia&parent=2"}],"curies":[{"name":"wp","href":"https:\/\/api.w.org\/{rel}","templated":true}]}}